{"id":63,"date":"2024-11-21T05:22:38","date_gmt":"2024-11-21T05:22:38","guid":{"rendered":"https:\/\/aufsichtsrat-dortmund.de\/?page_id=63"},"modified":"2024-11-21T05:56:21","modified_gmt":"2024-11-21T05:56:21","slug":"impressum","status":"publish","type":"page","link":"https:\/\/aufsichtsrat-dortmund.de\/?page_id=63","title":{"rendered":"Impressum"},"content":{"rendered":"\n<p><strong>Impressum<\/strong><\/p>\n\n\n\n<p><strong>Angaben gem\u00e4\u00df \u00a7 5 TMG (Telemediengesetz):<\/strong><\/p>\n\n\n\n<p><strong>Betreiber der Webseite:<\/strong><br>Falko R\u00f6sch<\/p>\n\n\n\n<p><strong>Kontakt:<\/strong><br>E-Mail: info (at) dr-helmut-kohl.de<\/p>\n\n\n\n<p><strong>Verantwortlich f\u00fcr den Inhalt nach \u00a7 55 Abs. 2 RStV:<\/strong><br>Falko R\u00f6sch<\/p>\n\n\n\n<p><strong>Haftungsausschluss:<\/strong><br>Die Inhalte dieser Webseite wurden mit gr\u00f6\u00dfter Sorgfalt erstellt. F\u00fcr die Richtigkeit, Vollst\u00e4ndigkeit und Aktualit\u00e4t der Inhalte k\u00f6nnen jedoch keine Gew\u00e4hr \u00fcbernommen werden. Als Dienstanbieter sind wir gem\u00e4\u00df \u00a7 7 Abs. 1 TMG f\u00fcr eigene Inhalte auf dieser Webseite verantwortlich. Nach den \u00a7\u00a7 8 bis 10 TMG sind wir jedoch nicht verpflichtet, \u00fcbermittelte oder gespeicherte fremde Informationen zu \u00fcberwachen oder nach Umst\u00e4nden zu suchen, die auf eine rechtswidrige T\u00e4tigkeit hinweisen.<\/p>\n\n\n\n<p><strong>Urheberrecht:<\/strong><br>Die durch die Seitenbetreiber erstellten Inhalte und Werke auf dieser Webseite unterliegen dem deutschen Urheberrecht. Beitr\u00e4ge Dritter sind als solche gekennzeichnet. Die Vervielf\u00e4ltigung, Bearbeitung, Verbreitung und jede Art der Verwertung au\u00dferhalb der Grenzen des Urheberrechtes bed\u00fcrfen der schriftlichen Zustimmung des jeweiligen Autors bzw. Erstellers.<\/p>\n\n\n\n<p><strong>Haftung f\u00fcr Links:<\/strong><br>Unsere Webseite enth\u00e4lt Links zu externen Webseiten Dritter, auf deren Inhalte wir keinen Einfluss haben. Deshalb k\u00f6nnen wir f\u00fcr diese fremden Inhalte auch keine Gew\u00e4hr \u00fcbernehmen. F\u00fcr die Inhalte der verlinkten Seiten ist stets der jeweilige Anbieter oder Betreiber der Seiten verantwortlich.<\/p>\n","protected":false},"excerpt":{"rendered":"<p>Impressum Angaben gem\u00e4\u00df \u00a7 5 TMG (Telemediengesetz): Betreiber der Webseite:Falko R\u00f6sch Kontakt:E-Mail: info (at) dr-helmut-kohl.de Verantwortlich f\u00fcr den Inhalt nach \u00a7 55 Abs. 2 RStV:Falko R\u00f6sch Haftungsausschluss:Die Inhalte dieser Webseite wurden mit gr\u00f6\u00dfter Sorgfalt erstellt. F\u00fcr die Richtigkeit, Vollst\u00e4ndigkeit und Aktualit\u00e4t der Inhalte k\u00f6nnen jedoch keine Gew\u00e4hr \u00fcbernommen werden. Als Dienstanbieter sind wir gem\u00e4\u00df \u00a7 [&hellip;]<\/p>\n","protected":false},"author":1,"featured_media":0,"parent":0,"menu_order":0,"comment_status":"closed","ping_status":"closed","template":"","meta":{"footnotes":""},"class_list":["post-63","page","type-page","status-publish","hentry"],"_links":{"self":[{"href":"https:\/\/aufsichtsrat-dortmund.de\/index.php?rest_route=\/wp\/v2\/pages\/63","targetHints":{"allow":["GET"]}}],"collection":[{"href":"https:\/\/aufsichtsrat-dortmund.de\/index.php?rest_route=\/wp\/v2\/pages"}],"about":[{"href":"https:\/\/aufsichtsrat-dortmund.de\/index.php?rest_route=\/wp\/v2\/types\/page"}],"author":[{"embeddable":true,"href":"https:\/\/aufsichtsrat-dortmund.de\/index.php?rest_route=\/wp\/v2\/users\/1"}],"replies":[{"embeddable":true,"href":"https:\/\/aufsichtsrat-dortmund.de\/index.php?rest_route=%2Fwp%2Fv2%2Fcomments&post=63"}],"version-history":[{"count":2,"href":"https:\/\/aufsichtsrat-dortmund.de\/index.php?rest_route=\/wp\/v2\/pages\/63\/revisions"}],"predecessor-version":[{"id":69,"href":"https:\/\/aufsichtsrat-dortmund.de\/index.php?rest_route=\/wp\/v2\/pages\/63\/revisions\/69"}],"wp:attachment":[{"href":"https:\/\/aufsichtsrat-dortmund.de\/index.php?rest_route=%2Fwp%2Fv2%2Fmedia&parent=63"}],"curies":[{"name":"wp","href":"https:\/\/api.w.org\/{rel}","templated":true}]}}